{"id":17,"date":"2017-03-07T08:44:49","date_gmt":"2017-03-07T08:44:49","guid":{"rendered":"http:\/\/www.breizh-ix.net\/?page_id=17"},"modified":"2017-03-25T18:23:45","modified_gmt":"2017-03-25T18:23:45","slug":"status-et-reglement-interieur","status":"publish","type":"page","link":"https:\/\/www.ix.bzh\/?page_id=17","title":{"rendered":"Pr\u00e9sentation de l&rsquo;association BreizhIX"},"content":{"rendered":"<p>BreizhIX est une <strong>association sans but lucratif<\/strong>, int\u00e9gralement compos\u00e9e de b\u00e9n\u00e9voles, fond\u00e9e en 2017 et bas\u00e9e \u00e0 Rennes dont l\u2019objectif est de d\u00e9velopper l\u2019\u00e9change de trafic Internet d\u2019\u00e9gal \u00e0 \u00e9gal entre ses membres, en favorisant l\u2019aspect local, au sein de la r\u00e9gion Bretagne, des r\u00e9gions limitrophes, ainsi que vers d\u2019autres points d\u2019\u00e9changes nationaux.<\/p>\n<p>L\u2019association poursuit cet objectif en cr\u00e9ant et g\u00e9rant <strong>un point d\u2019\u00e9change Internet ind\u00e9pendant, neutre et ouvert \u00e0 tous les op\u00e9rateurs r\u00e9seaux<\/strong> (open peering policy).<\/p>\n<p>Vous pouvez retrouver l&rsquo;ensembles des informations relatives \u00e0 l&rsquo;association Breizh-IX ci-dessous :<\/p>\n<ul>\n<li><a href=\"https:\/\/www.breizh-ix.net\/?page_id=144\">Statuts de l&rsquo;association BreizhIX<\/a><\/li>\n<li><a href=\"https:\/\/www.breizh-ix.net\/wp-content\/uploads\/2017\/03\/RI_BreizhIX.pdf\">R\u00e9glement interieur<\/a><\/li>\n<\/ul>\n","protected":false},"excerpt":{"rendered":"<p>BreizhIX est une association sans but lucratif, int\u00e9gralement compos\u00e9e de b\u00e9n\u00e9voles, fond\u00e9e en 2017 et bas\u00e9e \u00e0 Rennes dont l\u2019objectif est de d\u00e9velopper l\u2019\u00e9change de trafic Internet d\u2019\u00e9gal \u00e0 \u00e9gal entre ses membres, en favorisant l\u2019aspect local, au sein de la r\u00e9gion Bretagne, des r\u00e9gions limitrophes, ainsi que vers d\u2019autres points d\u2019\u00e9changes nationaux. L\u2019association poursuit\u2026 <span class=\"read-more\"><a href=\"https:\/\/www.ix.bzh\/?page_id=17\">Lire la suite &raquo;<\/a><\/span><\/p>\n","protected":false},"author":1,"featured_media":0,"parent":0,"menu_order":4,"comment_status":"closed","ping_status":"closed","template":"","meta":{"footnotes":""},"class_list":["post-17","page","type-page","status-publish","hentry"],"_links":{"self":[{"href":"https:\/\/www.ix.bzh\/index.php?rest_route=\/wp\/v2\/pages\/17","targetHints":{"allow":["GET"]}}],"collection":[{"href":"https:\/\/www.ix.bzh\/index.php?rest_route=\/wp\/v2\/pages"}],"about":[{"href":"https:\/\/www.ix.bzh\/index.php?rest_route=\/wp\/v2\/types\/page"}],"author":[{"embeddable":true,"href":"https:\/\/www.ix.bzh\/index.php?rest_route=\/wp\/v2\/users\/1"}],"replies":[{"embeddable":true,"href":"https:\/\/www.ix.bzh\/index.php?rest_route=%2Fwp%2Fv2%2Fcomments&post=17"}],"version-history":[{"count":11,"href":"https:\/\/www.ix.bzh\/index.php?rest_route=\/wp\/v2\/pages\/17\/revisions"}],"predecessor-version":[{"id":183,"href":"https:\/\/www.ix.bzh\/index.php?rest_route=\/wp\/v2\/pages\/17\/revisions\/183"}],"wp:attachment":[{"href":"https:\/\/www.ix.bzh\/index.php?rest_route=%2Fwp%2Fv2%2Fmedia&parent=17"}],"curies":[{"name":"wp","href":"https:\/\/api.w.org\/{rel}","templated":true}]}}