{"id":2,"date":"2017-03-06T15:10:45","date_gmt":"2017-03-06T15:10:45","guid":{"rendered":"http:\/\/www.breizh-ix.net\/?page_id=2"},"modified":"2021-01-29T16:15:57","modified_gmt":"2021-01-29T16:15:57","slug":"sample-page","status":"publish","type":"page","link":"https:\/\/www.ix.bzh\/?page_id=2","title":{"rendered":"Grille tarifaire"},"content":{"rendered":"<table border=\"1\">\n<thead>\n<tr>\n<th style=\"text-align: center;\">D\u00e9signation<\/th>\n<th style=\"text-align: center;\">Co\u00fbt initial \/ Frais d&rsquo;acc\u00e8s au service<\/th>\n<th style=\"text-align: center;\">R\u00e9current<\/th>\n<\/tr>\n<\/thead>\n<tbody>\n<tr>\n<td><strong>Cross-connexion<\/strong><\/td>\n<td style=\"text-align: center;\" colspan=\"2\">\u00c0 votre charge, en fonction des prix pratiqu\u00e9s dans le datacenter o\u00f9 vous voulez vous raccorder<\/td>\n<\/tr>\n<tr>\n<td><strong>1<sup>er<\/sup> port (1G ou 10G)<br \/>\n<\/strong><\/td>\n<td style=\"text-align: center;\" colspan=\"2\">Gratuit<\/td>\n<\/tr>\n<tr>\n<td><strong>Port suppl\u00e9mentaire<br \/>\n<\/strong><\/td>\n<td style=\"text-align: center;\">25 \u20ac<\/td>\n<td style=\"text-align: center;\">Gratuit<\/td>\n<\/tr>\n<tr>\n<td><strong>VLAN Priv\u00e9<br \/>\n<\/strong><\/td>\n<td style=\"text-align: center;\">50 \u20ac<\/td>\n<td style=\"text-align: center;\">Gratuit<\/td>\n<\/tr>\n<\/tbody>\n<\/table>\n<p>Comme nous fonctionnons essentiellement gr\u00e2ce aux contributions de nos membres, nous enverrons un mail sur la liste si nous avons besoin de mat\u00e9riel ou de liaison en plus.<\/p>\n","protected":false},"excerpt":{"rendered":"<p>D\u00e9signation Co\u00fbt initial \/ Frais d&rsquo;acc\u00e8s au service R\u00e9current Cross-connexion \u00c0 votre charge, en fonction des prix pratiqu\u00e9s dans le datacenter o\u00f9 vous voulez vous raccorder 1er port (1G ou 10G) Gratuit Port suppl\u00e9mentaire 25 \u20ac Gratuit VLAN Priv\u00e9 50 \u20ac Gratuit Comme nous fonctionnons essentiellement gr\u00e2ce aux contributions de nos membres, nous enverrons un\u2026 <span class=\"read-more\"><a href=\"https:\/\/www.ix.bzh\/?page_id=2\">Lire la suite &raquo;<\/a><\/span><\/p>\n","protected":false},"author":1,"featured_media":0,"parent":0,"menu_order":3,"comment_status":"closed","ping_status":"open","template":"","meta":{"footnotes":""},"class_list":["post-2","page","type-page","status-publish","hentry"],"_links":{"self":[{"href":"https:\/\/www.ix.bzh\/index.php?rest_route=\/wp\/v2\/pages\/2","targetHints":{"allow":["GET"]}}],"collection":[{"href":"https:\/\/www.ix.bzh\/index.php?rest_route=\/wp\/v2\/pages"}],"about":[{"href":"https:\/\/www.ix.bzh\/index.php?rest_route=\/wp\/v2\/types\/page"}],"author":[{"embeddable":true,"href":"https:\/\/www.ix.bzh\/index.php?rest_route=\/wp\/v2\/users\/1"}],"replies":[{"embeddable":true,"href":"https:\/\/www.ix.bzh\/index.php?rest_route=%2Fwp%2Fv2%2Fcomments&post=2"}],"version-history":[{"count":28,"href":"https:\/\/www.ix.bzh\/index.php?rest_route=\/wp\/v2\/pages\/2\/revisions"}],"predecessor-version":[{"id":406,"href":"https:\/\/www.ix.bzh\/index.php?rest_route=\/wp\/v2\/pages\/2\/revisions\/406"}],"wp:attachment":[{"href":"https:\/\/www.ix.bzh\/index.php?rest_route=%2Fwp%2Fv2%2Fmedia&parent=2"}],"curies":[{"name":"wp","href":"https:\/\/api.w.org\/{rel}","templated":true}]}}