{"id":52,"date":"2017-03-10T12:57:04","date_gmt":"2017-03-10T12:57:04","guid":{"rendered":"http:\/\/www.breizh-ix.net\/?page_id=52"},"modified":"2018-08-19T10:09:48","modified_gmt":"2018-08-19T10:09:48","slug":"devenir-membre","status":"publish","type":"page","link":"https:\/\/www.ix.bzh\/?page_id=52","title":{"rendered":"Nous rejoindre"},"content":{"rendered":"<h2>Adh\u00e9rer<\/h2>\n<p>Toute personne physique ou morale peut adh\u00e9rer \u00e0 l\u2019association BreizhIX. Chaque membre dispose d&rsquo;une voix en Assembl\u00e9e G\u00e9n\u00e9rale et peut s\u2019exprimer sur les orientations du point d\u2019\u00e9change.<\/p>\n<p>Pour devenir membre, il suffit de lire <a href=\"http:\/\/www.breizh-ix.net\/?page_id=17\">nos Statuts et notre R\u00e8glement Int\u00e9rieur<\/a> puis de remplir le formulaire d\u2019adh\u00e9sion en bas de cette page, et enfin de s\u2019acquitter de la cotisation annuelle.<\/p>\n<h2>Se raccorder<\/h2>\n<p>Pour se raccorder au point d\u2019\u00e9change, il faut :<\/p>\n<ul>\n<li>adh\u00e9rer \u00e0 l\u2019association ;<\/li>\n<li>poss\u00e9der un num\u00e9ro d\u2019AS public ;<\/li>\n<li>payer les frais d\u00e9finis dans la <a href=\"https:\/\/www.breizh-ix.net\/?page_id=2\">grille tarifaire<\/a> en fonction des services souscris\u202f;<\/li>\n<li>disposer d&rsquo;une cross-connexion vers l\u2019un de nos PoP. \u00c0 ce jour, notre infrastructure est pr\u00e9sente dans le datacenter Cogent de Rennes (baie C01.KE-02\/AB) et en meet-me-room sud du Proxycenter TDF de Rennes.<\/li>\n<\/ul>\n<p>Nous vous fournirons alors vos IPs d\u2019interconnexion (tir\u00e9es de 185.1.89.0\/24 et 2001:7f8:b1::\/48).<\/p>\n<p>Vous rejoindrez alors le LAN de peering et vous pourrez monter une session BGP vers notre serveur de routes (185.1.89.1 et 2001:7f8:b1::1, AS206165). Les membres disposant d&rsquo;une session BGP active avec le serveur de routes sont qualifi\u00e9s de membres actifs.<\/p>\n<p>Selon les Statuts, seuls les membres actifs peuvent convoquer une Assembl\u00e9e G\u00e9n\u00e9rale et sont \u00e9ligibles au Conseil d&rsquo;Administration.<\/p>\n<h2>Vendre et acheter des services<\/h2>\n<p>Les op\u00e9rateurs pr\u00e9sents sur l&rsquo;IX peuvent se vendre et acheter des services (transit IP, PNI, L2L, etc.). Pour ce faire, il faut :<\/p>\n<ul>\n<li>adh\u00e9rer \u00e0 l\u2019association ;<\/li>\n<li>disposer d&rsquo;une cross-connexion vers l\u2019un de nos PoP. \u00c0 ce jour, notre infrastructure est uniquement pr\u00e9sente dans le datacenter Cogent de Rennes, baie C01.KE-02\/AB et dans dans le ProxyCenter TDF, meet-me-room sud.<\/li>\n<li>commander un port\/VLAN NAP.<\/li>\n<\/ul>\n<p>L&rsquo;adressage IP des ports NAP est \u00e0 la charge des membres ainsi mis en relation.<\/p>\n\r\n<!-- START JS for Form ID: 59 -->\r\n<script type=\"text\/javascript\">\r\njQuery(document).ready(function($) {\r\n\r\n    jQuery(\"#preloader-ltlexm\").fadeOut(500, function() {\r\n        jQuery(\"#ecf-form-ltlexm\").fadeIn(100);\r\n    });\r\n\r\n    Ladda.bind('.ladda-button');\r\n\r\n    $(function() {\r\n\r\n        \r\n        \/* Validation *\/\r\n        $(\"#form-ltlexm\").validate({\r\n            \/* Rules for form validation *\/\r\n            rules: {\r\n                name0:{required: true},text1:{required: false},text2:{required: false},email3:{required: true,email: true},text4:{required: false},message5:{required: false,minlength: 10},\r\n\r\n                            },\r\n            \/* Messages for form validation *\/\r\n            messages: {\r\n                name0:{required: \"This field is required\"},text1:{required: \"This field is required\"},text2:{required: \"This field is required\"},email3:{required: \"This field is required\"},text4:{required: \"This field is required\"},message5:{required: \"This field is required\"}            },\r\n            \/* Do not change code below *\/\r\n            errorPlacement: function(error, element) {\r\n                error.insertAfter(element.parent());\r\n            },\r\n\r\n            submitHandler: function(form) {\r\n                                ecf_onsubmit(jQuery('.form-ltlexm'));\r\n\r\n                \r\n            },\r\n\r\n            invalidHandler: function(form) {\r\n                Ladda.stopAll();\r\n            },\r\n\r\n            onkeyup: false,\r\n            onfocusout: false,\r\n            onclick: false\r\n\r\n        });\r\n    });\r\n\r\n\r\n    \/* Form Submit ( Ajax ) *\/\r\n    function ecf_onsubmit(form) {\r\n\r\n        if (form.attr('action') == '#') {\r\n\r\n            data = {};\r\n            eldat = [];\r\n            data['action'] = 'ecf_deliver_mail';\r\n            data['formid'] = '59';\r\n            data['security'] = 'e1cf63e23c';\r\n\r\n\r\n            \r\n            jQuery('input, textarea', form).each(function(key) {\r\n\r\n                items = {};\r\n\r\n                if (typeof $(this).data('type') === 'undefined') {\r\n                    return true;\r\n                }\r\n\r\n\r\n                \r\n                items['type'] = $(this).data('type');\r\n                items['label'] = $(this).data('label');\r\n                items['value'] = this.value;\r\n                items['name'] = this.name;\r\n\r\n                eldat.push(items);\r\n\r\n            });\r\n\r\n\r\n                        data['allelmnt'] = eldat;\r\n\r\n            submitForm();\r\n\r\n            return false;\r\n\r\n        }\r\n\r\n    }\r\n\r\n    \/* Start submitForm\t *\/\r\n    function submitForm() {\r\n\r\n        jQuery.ajax({\r\n            url: 'https:\/\/www.ix.bzh\/wp-admin\/admin-ajax.php',\r\n            type: 'POST',\r\n            dataType: 'json',\r\n            data: data,\r\n            success: function(data) {\r\n\r\n                if (data.Ok == true) {\r\n\r\n                    $(\"#form-ltlexm\").get(0).reset();\r\n\r\n                    if (data.msg == 'redirect') {\r\n                        window.location = \"http:\/\/\";\r\n                    } else {\r\n                        notifyme('Demande envoy\u00e9e', 'n', 'success',\r\n                            'left middle');\r\n                    }\r\n\r\n                } else {\r\n                    notifyme(data.msg, 'n', 'error', 'left middle');\r\n                }\r\n\r\n                Ladda.stopAll();\r\n\r\n            }\r\n        });\r\n\r\n        \r\n    }\r\n\r\n\r\n    \/* Notify *\/\r\n    function notifyme(msg, b, typ, pos) {\r\n        if (b == 'n') {\r\n            b = 'cf-submittedltlexm';\r\n        } else {\r\n            b = 'atcltlexm';\r\n        }\r\n\r\n        $(\"#\" + b).gnotify(msg, {\r\n            style: \"nbootstrap\",\r\n            elementPosition: pos,\r\n            className: typ\r\n        });\r\n\r\n        msg = null;\r\n        typ = null;\r\n\r\n    }\r\n\r\n});\r\n<\/script>\r\n<!-- END JS for Form ID: 59 -->\r\n\r\n<!-- START Form Markup for Form ID: 59 -->\r\n<div id=\"preloader-ltlexm\" class=\"ecfpreloader\"><\/div>\r\n<div id=\"ecf-form-ltlexm\" class=\"ecf-body\">\r\n    <form method=\"post\" enctype=\"multipart\/form-data\" action=\"#\" id=\"form-ltlexm\" class=\"ecf-form form-ltlexm\">\r\n        <header>Nouveau membre<\/header>        <fieldset>\r\n            <section><label class=\"label\">Personne physique (obligatoire)<\/label><label class=\"input\"><input data-type=\"name\" data-label=\"Personne physique (obligatoire)\" id=\"name0\" type=\"text\" name=\"name0\" placeholder=\"Pr\u00e9nom Nom\" \/><\/label><\/section><section><label class=\"label\">Personne morale<\/label><label class=\"input\"><input data-type=\"text\" data-label=\"Personne morale\" id=\"text1\" type=\"text\" name=\"text1\" placeholder=\"Nom\" \/><\/label><\/section><section><label class=\"label\">ASN (n\u00e9cessaire pour se connecter)<\/label><label class=\"input\"><input data-type=\"text\" data-label=\"ASN (n\u00e9cessaire pour se connecter)\" id=\"text2\" type=\"text\" name=\"text2\" \/><\/label><\/section><section><label class=\"label\">Email (obligatoire, ne sera pas divulgu\u00e9)<\/label><label class=\"input\"><input data-type=\"email\" data-label=\"Email (obligatoire, ne sera pas divulgu\u00e9)\" id=\"email3\" type=\"text\" name=\"email3\" \/><\/label><\/section><section><label class=\"label\">Site web<\/label><label class=\"input\"><input data-type=\"text\" data-label=\"Site web\" id=\"text4\" type=\"text\" name=\"text4\" \/><\/label><\/section><section><label class=\"label\">Message<\/label><label class=\"textarea\"><textarea data-type=\"message\" data-label=\"Message\" id=\"message5\" name=\"message5\" rows=\"7\" placeholder=\"Si vous voulez donner des pr\u00e9cisions\"><\/textarea><\/label><\/section>        <\/fieldset>\r\n        <footer>\r\n            <button data-style=\"slide-down\" id=\"cf-submittedltlexm\" class=\"ecfbutton ladda-button\" type=\"submit\" name=\"cf-submittedltlexm\"><span class=\"ladda-label\">SEND<\/span><\/button>\r\n        <\/footer>\r\n    <\/form>\r\n\r\n    \r\n<\/div>\r\n<!-- END Form Markup for Form ID: 59 -->\r\n\r\n\r\n\t\t\t\t\n","protected":false},"excerpt":{"rendered":"<p>Adh\u00e9rer Toute personne physique ou morale peut adh\u00e9rer \u00e0 l\u2019association BreizhIX. Chaque membre dispose d&rsquo;une voix en Assembl\u00e9e G\u00e9n\u00e9rale et peut s\u2019exprimer sur les orientations du point d\u2019\u00e9change. Pour devenir membre, il suffit de lire nos Statuts et notre R\u00e8glement Int\u00e9rieur puis de remplir le formulaire d\u2019adh\u00e9sion en bas de cette page, et enfin de\u2026 <span class=\"read-more\"><a href=\"https:\/\/www.ix.bzh\/?easycontactform=nouveau-membre\">Lire la suite &raquo;<\/a><\/span><\/p>\n","protected":false},"author":1,"featured_media":0,"parent":0,"menu_order":2,"comment_status":"closed","ping_status":"closed","template":"page-templates\/full-width.php","meta":{"footnotes":""},"class_list":["post-52","page","type-page","status-publish","hentry"],"_links":{"self":[{"href":"https:\/\/www.ix.bzh\/index.php?rest_route=\/wp\/v2\/pages\/52","targetHints":{"allow":["GET"]}}],"collection":[{"href":"https:\/\/www.ix.bzh\/index.php?rest_route=\/wp\/v2\/pages"}],"about":[{"href":"https:\/\/www.ix.bzh\/index.php?rest_route=\/wp\/v2\/types\/page"}],"author":[{"embeddable":true,"href":"https:\/\/www.ix.bzh\/index.php?rest_route=\/wp\/v2\/users\/1"}],"replies":[{"embeddable":true,"href":"https:\/\/www.ix.bzh\/index.php?rest_route=%2Fwp%2Fv2%2Fcomments&post=52"}],"version-history":[{"count":18,"href":"https:\/\/www.ix.bzh\/index.php?rest_route=\/wp\/v2\/pages\/52\/revisions"}],"predecessor-version":[{"id":353,"href":"https:\/\/www.ix.bzh\/index.php?rest_route=\/wp\/v2\/pages\/52\/revisions\/353"}],"wp:attachment":[{"href":"https:\/\/www.ix.bzh\/index.php?rest_route=%2Fwp%2Fv2%2Fmedia&parent=52"}],"curies":[{"name":"wp","href":"https:\/\/api.w.org\/{rel}","templated":true}]}}