{"id":74,"date":"2017-03-22T22:26:45","date_gmt":"2017-03-22T22:26:45","guid":{"rendered":"http:\/\/www.breizh-ix.net\/?page_id=74"},"modified":"2025-04-12T13:11:15","modified_gmt":"2025-04-12T13:11:15","slug":"presentation","status":"publish","type":"page","link":"https:\/\/www.ix.bzh\/","title":{"rendered":"Pr\u00e9sentation"},"content":{"rendered":"<p>BreizhIX est une <strong>association sans but lucratif<\/strong>, int\u00e9gralement compos\u00e9e de b\u00e9n\u00e9voles, fond\u00e9e en 2017 et bas\u00e9e \u00e0 Rennes dont l&rsquo;objectif est de d\u00e9velopper l&rsquo;\u00e9change de trafic Internet d\u2019\u00e9gal \u00e0 \u00e9gal entre ses membres, en favorisant l\u2019aspect local, au sein de la r\u00e9gion Bretagne, des r\u00e9gions limitrophes, ainsi que vers d\u2019autres points d\u2019\u00e9changes nationaux.<\/p>\n<p>L&rsquo;association poursuit cet objectif en cr\u00e9ant et g\u00e9rant <strong>un point d&rsquo;\u00e9change Internet ind\u00e9pendant, neutre et ouvert \u00e0 tous les op\u00e9rateurs r\u00e9seaux<\/strong> (open peering policy).<\/p>\n<p>Actuellement, <strong>nous sommes pr\u00e9sent dans le datacenter Cogent de Rennes et dans le ProxyCenter TDF de Cesson-S\u00e9vign\u00e9<\/strong>. Nous cherchons actuellement \u00e0 \u00eatre pr\u00e9sents au Netcenter SFR, n\u2019h\u00e9sitez pas \u00e0 nous contacter si vous \u00eates ouverts \u00e0 un partenariat. Une fois ceci fait, nous chercherons \u00e0 nous \u00e9tendre aux principales villes de Bretagne.<\/p>\n<p>La g\u00e9n\u00e9ration des prefix-lists se fait toutes les nuits avec <code>bgpq4<\/code> en mode \u00ab\u00a0strict\u00a0\u00bb (si s\u2019il n\u2019y a pas d\u2019objet route, le pr\u00e9fixe est rejet\u00e9). Nos RSes v\u00e9rifient les ROAs via le RPKI des RIRs, l\u2019attribut OTC et nous respectons le champ \u00ab\u00a0 Never via route servers\u00a0\u00bb de peeringdb. Le RS2 v\u00e9rifie les enregistrements ASPA.<br \/>\nNos RSes sont \u00e9galement interconnect\u00e9s avec ceux de <a href=\"https:\/\/ouest.network\/fr\">Ouest.Network<\/a>, permettant ainsi \u00e0 nos membres de profiter d\u2019une latence de 3\u00a0ms vers Nantes au lieu d\u2019une quinzaine en passant par Paris.<br \/>\nUn looking-glass est accessible sur est accessible sur <a href=\"https:\/\/lg.ix.bzh\/cgi-bin\/bgplg\">https:\/\/lg.ix.bzh\/cgi-bin\/bgplg<\/a>.<\/p>\n<p>L&rsquo;association est administr\u00e9e au quotidien par un conseil d&rsquo;administration sous le contr\u00f4le de l&rsquo;assembl\u00e9e g\u00e9n\u00e9rale. Actuellement, le CA est compos\u00e9 de :<\/p>\n<ul>\n<li>Alarig Le Lay<\/li>\n<li>Boris Tassou<\/li>\n<\/ul>\n<p>Techniquement, nous disposons des ressources Internet suivantes :<\/p>\n<ul>\n<li>AS206165<\/li>\n<li>2001:7f8:b1::\/48<\/li>\n<li>185.1.89.0\/24<\/li>\n<\/ul>\n<p>Nous remercions les op\u00e9rateurs qui nous soutiennent\u00a0:<\/p>\n<ul>\n<li><a href=\"https:\/\/grifon.fr\/\">Grifon<\/a><\/li>\n<li><a href=\"http:\/\/www.izzycom.fr\/\">IzzyCom<\/a><\/li>\n<li><a href=\"https:\/\/www.sib.fr\/\">Le SIB<\/a><\/li>\n<li><a href=\"https:\/\/lugos.fr\/\">Lugos<\/a><\/li>\n<li><a href=\"https:\/\/www.bretagne.bzh\/\">La r\u00e9gion Bretagne<\/a><\/li>\n<li><a href=\"https:\/\/www.jaguar-network.com\/\">Jaguar Network<\/a><\/li>\n<\/ul>\n<p><a href=\"http:\/\/www.breizh-ix.net\/?page_id=17\">Nos Statuts &amp; R\u00e8glement Int\u00e9rieur<\/a> | <a href=\"https:\/\/www.breizh-ix.net\/?page_id=2\">notre grille tarifaire<\/a> | <a href=\"\/?page_id=28\">nous contacter<\/a>.<\/p>\n","protected":false},"excerpt":{"rendered":"<p>BreizhIX est une association sans but lucratif, int\u00e9gralement compos\u00e9e de b\u00e9n\u00e9voles, fond\u00e9e en 2017 et bas\u00e9e \u00e0 Rennes dont l&rsquo;objectif est de d\u00e9velopper l&rsquo;\u00e9change de trafic Internet d\u2019\u00e9gal \u00e0 \u00e9gal entre ses membres, en favorisant l\u2019aspect local, au sein de la r\u00e9gion Bretagne, des r\u00e9gions limitrophes, ainsi que vers d\u2019autres points d\u2019\u00e9changes nationaux. L&rsquo;association poursuit\u2026 <span class=\"read-more\"><a href=\"https:\/\/www.ix.bzh\/\">Lire la suite &raquo;<\/a><\/span><\/p>\n","protected":false},"author":1,"featured_media":0,"parent":0,"menu_order":2,"comment_status":"closed","ping_status":"closed","template":"","meta":{"footnotes":""},"class_list":["post-74","page","type-page","status-publish","hentry"],"_links":{"self":[{"href":"https:\/\/www.ix.bzh\/index.php?rest_route=\/wp\/v2\/pages\/74","targetHints":{"allow":["GET"]}}],"collection":[{"href":"https:\/\/www.ix.bzh\/index.php?rest_route=\/wp\/v2\/pages"}],"about":[{"href":"https:\/\/www.ix.bzh\/index.php?rest_route=\/wp\/v2\/types\/page"}],"author":[{"embeddable":true,"href":"https:\/\/www.ix.bzh\/index.php?rest_route=\/wp\/v2\/users\/1"}],"replies":[{"embeddable":true,"href":"https:\/\/www.ix.bzh\/index.php?rest_route=%2Fwp%2Fv2%2Fcomments&post=74"}],"version-history":[{"count":29,"href":"https:\/\/www.ix.bzh\/index.php?rest_route=\/wp\/v2\/pages\/74\/revisions"}],"predecessor-version":[{"id":493,"href":"https:\/\/www.ix.bzh\/index.php?rest_route=\/wp\/v2\/pages\/74\/revisions\/493"}],"wp:attachment":[{"href":"https:\/\/www.ix.bzh\/index.php?rest_route=%2Fwp%2Fv2%2Fmedia&parent=74"}],"curies":[{"name":"wp","href":"https:\/\/api.w.org\/{rel}","templated":true}]}}